{"id":337,"date":"2018-09-06T16:45:38","date_gmt":"2018-09-06T16:45:38","guid":{"rendered":"https:\/\/elponypisador.com\/sobre-nosaltres\/"},"modified":"2024-10-10T08:28:30","modified_gmt":"2024-10-10T08:28:30","slug":"sobre-nosaltres","status":"publish","type":"page","link":"https:\/\/elponypisador.com\/es\/sobre-nosaltres\/","title":{"rendered":"Sobre Nosotros"},"content":{"rendered":"<p>El Pony Pisador somos un grupo de cinco j\u00f3venes de Barcelona que mezcla m\u00fasicas tradicionales del mundo con un estilo vivo y desenfadado, pero trabajado con cura.<\/p>\n<p>El buen humor del Pony Pisador es contagioso: nuestros espect\u00e1culos son variado y imprevisibles, porque entre risas y bromas con el p\u00fablico, en los conciertos pasan cosas que nadie esperaba.<\/p>\n<p><b><br \/>\n<\/b>Nos gusta la m\u00fasica tradicional celta y las canciones marineras, pero en nuestros discos y conciertos encontrar\u00e9is sonidos de muchos lugares diferentes. Profundizamos en la m\u00fasica que descubrimos por tal de que guste tanto a las personas que la oyen por primera vez como a los expertos.<\/p>\n","protected":false},"excerpt":{"rendered":"<p>El Pony Pisador somos un grupo de cinco j\u00f3venes de Barcelona que mezcla m\u00fasicas tradicionales del mundo con un estilo vivo y desenfadado, pero trabajado con cura. El buen humor del Pony Pisador es contagioso: nuestros espect\u00e1culos son variado y imprevisibles, porque entre risas y bromas con el p\u00fablico, en los conciertos pasan cosas que [&hellip;]<\/p>\n","protected":false},"author":2,"featured_media":339,"parent":0,"menu_order":0,"comment_status":"closed","ping_status":"closed","template":"page_about.php","meta":{"footnotes":""},"class_list":["post-337","page","type-page","status-publish","has-post-thumbnail","hentry"],"_links":{"self":[{"href":"https:\/\/elponypisador.com\/es\/wp-json\/wp\/v2\/pages\/337","targetHints":{"allow":["GET"]}}],"collection":[{"href":"https:\/\/elponypisador.com\/es\/wp-json\/wp\/v2\/pages"}],"about":[{"href":"https:\/\/elponypisador.com\/es\/wp-json\/wp\/v2\/types\/page"}],"author":[{"embeddable":true,"href":"https:\/\/elponypisador.com\/es\/wp-json\/wp\/v2\/users\/2"}],"replies":[{"embeddable":true,"href":"https:\/\/elponypisador.com\/es\/wp-json\/wp\/v2\/comments?post=337"}],"version-history":[{"count":16,"href":"https:\/\/elponypisador.com\/es\/wp-json\/wp\/v2\/pages\/337\/revisions"}],"predecessor-version":[{"id":5019,"href":"https:\/\/elponypisador.com\/es\/wp-json\/wp\/v2\/pages\/337\/revisions\/5019"}],"wp:featuredmedia":[{"embeddable":true,"href":"https:\/\/elponypisador.com\/es\/wp-json\/wp\/v2\/media\/339"}],"wp:attachment":[{"href":"https:\/\/elponypisador.com\/es\/wp-json\/wp\/v2\/media?parent=337"}],"curies":[{"name":"wp","href":"https:\/\/api.w.org\/{rel}","templated":true}]}}