{"id":1464,"date":"2020-02-11T15:22:51","date_gmt":"2020-02-11T15:22:51","guid":{"rendered":"https:\/\/elponypisador.com\/?page_id=1464"},"modified":"2020-02-18T12:16:31","modified_gmt":"2020-02-18T12:16:31","slug":"politica-de-cookies","status":"publish","type":"page","link":"https:\/\/elponypisador.com\/es\/politica-de-cookies\/","title":{"rendered":"Pol\u00edtica de cookies"},"content":{"rendered":"<h1>1.\u00a0\u00a0\u00a0\u00a0\u00a0 \u00bfQu\u00e9 son las cookies?<\/h1>\n<p>Este sitio web utiliza cookies y\/o tecnolog\u00edas similares que almacenan y recuperan informaci\u00f3n cuando navegas. En general, estas tecnolog\u00edas pueden servir para finalidades muy diversas, como, por ejemplo, reconocerte como usuario, obtener informaci\u00f3n sobre tus h\u00e1bitos de navegaci\u00f3n, personalizar la forma en que se muestra el contenido o mejorar la experiencia de navegaci\u00f3n de los usuarios.<\/p>\n<h1>2.\u00a0\u00a0\u00a0\u00a0\u00a0 \u00bfQu\u00e9 tipos de cookies se utilizan en esta p\u00e1gina web?<\/h1>\n<ul>\n<li><strong>De an\u00e1lisis (propias y\/o de terceros)<\/strong>: son aquellas que, tratadas por nosotros o por terceros, nos permiten cuantificar el n\u00famero de usuarios y as\u00ed realizar la medici\u00f3n y an\u00e1lisis estad\u00edstico de la utilizaci\u00f3n que hacen los usuarios del servicio ofertado. Para ello se analiza su navegaci\u00f3n en nuestra p\u00e1gina web con el fin de mejorar la oferta de productos o servicios que te ofrecemos.<\/li>\n<li><strong>Publicitarias comportamentales (propias y\/o de terceros)<\/strong>: son aquellas que, tratadas por nosotros o por terceros, nos permiten analizar tus h\u00e1bitos de navegaci\u00f3n en Internet para que podamos mostrarle publicidad relacionada con su perfil de navegaci\u00f3n.<\/li>\n<\/ul>\n<p>Los datos personales sobre cookies que recojamos a trav\u00e9s de esta p\u00e1gina Web ser\u00e1n conservados durante un m\u00e1ximo de 2 a\u00f1os.<\/p>\n<p>El Pony Pisador no comunicar\u00e1 los datos sobre cookies propias a terceros salvo, en su caso, a autoridades competentes en el ejercicio de sus funciones. En cualquier caso, los datos sobre cookies no ser\u00e1n comunicados ni transferidos fuera del Espacio Econ\u00f3mico Europeo.<\/p>\n<h1>3.\u00a0\u00a0\u00a0\u00a0\u00a0 \u00bfC\u00f3mo puedes permitir o bloquear las cookies?<\/h1>\n<p>Puedes permitir o bloquear las cookies, as\u00ed como borrar tus datos de navegaci\u00f3n (incluidas las cookies) desde el navegador de Internet que utilizas. Consulta las opciones e instrucciones que ofrece tu navegador para ello. Ten en cuenta que si aceptas las cookies de terceros, deber\u00e1s eliminarlas desde las opciones del navegador.<\/p>\n<p>En caso de que no permitas la instalaci\u00f3n de cookies en tu navegador es posible que no puedas acceder a algunos de los servicios y que tu experiencia en nuestra web pueda resultar menos satisfactoria.<\/p>\n<ul>\n<\/ul>\n<h1>4.\u00a0\u00a0\u00a0\u00a0\u00a0 Qu\u00e9 derechos tienes como usuario<\/h1>\n<p>Como usuario, puedes ejercitar tus derechos de acceso, rectificaci\u00f3n, supresi\u00f3n, oposici\u00f3n, limitaci\u00f3n del tratamiento y portabilidad, cuando corresponda, respecto del tratamiento de datos personales relacionados con las cookies del que es responsable El Pony Pisador, presentando un escrito dirigido a la direcci\u00f3n de correo electr\u00f3nico info@elponypisador.com, acreditando tu identidad. Puedes contactar adem\u00e1s con la Agencia Espa\u00f1ola de Protecci\u00f3n de Datos y presentar una reclamaci\u00f3n ante esta si, como usuario, lo consideras pertinente.<\/p>\n<p>&nbsp;<\/p>\n","protected":false},"excerpt":{"rendered":"<p>1.\u00a0\u00a0\u00a0\u00a0\u00a0 \u00bfQu\u00e9 son las cookies? Este sitio web utiliza cookies y\/o tecnolog\u00edas similares que almacenan y recuperan informaci\u00f3n cuando navegas. En general, estas tecnolog\u00edas pueden servir para finalidades muy diversas, como, por ejemplo, reconocerte como usuario, obtener informaci\u00f3n sobre tus h\u00e1bitos de navegaci\u00f3n, personalizar la forma en que se muestra el contenido o mejorar la [&hellip;]<\/p>\n","protected":false},"author":1,"featured_media":0,"parent":0,"menu_order":0,"comment_status":"closed","ping_status":"closed","template":"","meta":{"footnotes":""},"class_list":["post-1464","page","type-page","status-publish","hentry"],"_links":{"self":[{"href":"https:\/\/elponypisador.com\/es\/wp-json\/wp\/v2\/pages\/1464","targetHints":{"allow":["GET"]}}],"collection":[{"href":"https:\/\/elponypisador.com\/es\/wp-json\/wp\/v2\/pages"}],"about":[{"href":"https:\/\/elponypisador.com\/es\/wp-json\/wp\/v2\/types\/page"}],"author":[{"embeddable":true,"href":"https:\/\/elponypisador.com\/es\/wp-json\/wp\/v2\/users\/1"}],"replies":[{"embeddable":true,"href":"https:\/\/elponypisador.com\/es\/wp-json\/wp\/v2\/comments?post=1464"}],"version-history":[{"count":6,"href":"https:\/\/elponypisador.com\/es\/wp-json\/wp\/v2\/pages\/1464\/revisions"}],"predecessor-version":[{"id":1527,"href":"https:\/\/elponypisador.com\/es\/wp-json\/wp\/v2\/pages\/1464\/revisions\/1527"}],"wp:attachment":[{"href":"https:\/\/elponypisador.com\/es\/wp-json\/wp\/v2\/media?parent=1464"}],"curies":[{"name":"wp","href":"https:\/\/api.w.org\/{rel}","templated":true}]}}