{"id":1462,"date":"2020-02-11T15:22:02","date_gmt":"2020-02-11T15:22:02","guid":{"rendered":"https:\/\/elponypisador.com\/?page_id=1462"},"modified":"2025-12-10T12:48:08","modified_gmt":"2025-12-10T12:48:08","slug":"politica-de-privacidad","status":"publish","type":"page","link":"https:\/\/elponypisador.com\/es\/politica-de-privacidad\/","title":{"rendered":"Pol\u00edtica de Privacidad"},"content":{"rendered":"<h1>1.\u00a0\u00a0\u00a0\u00a0\u00a0 Qu\u00e9 datos recogemos<\/h1>\n<ul>\n<li><strong>Datos recogidos de forma autom\u00e1tica<\/strong>: por el mero hecho de acceder y navegar por el sitio web <a href=\"https:\/\/elponypisador.com\">elponypisador.com<\/a> (la \u201c<strong>Web<\/strong>\u201d), no se registra de forma autom\u00e1tica ning\u00fan dato personal de los usuarios. No obstante, s\u00ed recogemos determinada informaci\u00f3n (p.ej., tipo de navegador de Internet, sistema operativo, direcci\u00f3n IP desde la que se accede a la Web) para poder mejorar la navegaci\u00f3n de los usuarios y la propia gesti\u00f3n de la Web. Adem\u00e1s, esta Web puede utilizar <em>cookies<\/em> o datos similares, de acuerdo con la <a href=\"https:\/\/elponypisador.com\/es\/politica-de-cookies\/\">Pol\u00edtica de Cookies<\/a>.<\/li>\n<li><strong>Datos que facilitan los usuarios<\/strong>: la Web incluye la informaci\u00f3n necesaria para que los usuarios puedan contactar con El Pony Pisador. Cuando los usuarios contacten con El Pony Pisador a trav\u00e9s de los tel\u00e9fonos o direcciones de correo electr\u00f3nico que se facilitan en la Web, El Pony Pisador conservar\u00e1, en su caso, el tel\u00e9fono y correo electr\u00f3nico del usuario que le haya contactado, a la vez que podr\u00e1 conservar tambi\u00e9n otros datos de contacto de car\u00e1cter personal que el usuario facilite en la comunicaci\u00f3n (a modo de ejemplo el nombre, apellidos, preferencias musicales, motivo de la comunicaci\u00f3n, petici\u00f3n de informaci\u00f3n, etc.).<\/li>\n<\/ul>\n<h1>2.\u00a0\u00a0\u00a0\u00a0\u00a0 Qui\u00e9n es el responsable del tratamiento<\/h1>\n<p>La COOPERATIVA MUSICAL EL PONY PISADOR SCCL con domicilio, a efectos de notificaciones, en Carretera de Sarri\u00e0 a Vallvidrera 259, 1o 1a 08017 Barcelona, es la responsable del tratamiento de aquellos datos personales que se recaben o se generen como consecuencia del acceso, navegaci\u00f3n y uso de la Web, y de aquellos datos personales que los usuarios proporcionen a El Pony Pisador a trav\u00e9s de cualquier comunicaci\u00f3n que puedan mandar.<\/p>\n<h1>3.\u00a0\u00a0\u00a0\u00a0\u00a0 Para qu\u00e9 finalidades tratamos los datos<\/h1>\n<p>El Pony Pisador tratar\u00e1 los datos personales recogidos para cualesquiera de las siguientes finalidades:<\/p>\n<ul>\n<li>Gesti\u00f3n de la Web e introducci\u00f3n de mejoras.<\/li>\n<li>An\u00e1lisis del uso de la Web por parte de los usuarios (incluyendo a trav\u00e9s de informaci\u00f3n anonimizada).<\/li>\n<li>Respuesta a las comunicaciones que realicen los usuarios y gesti\u00f3n de las respuestas a las solicitudes de informaci\u00f3n, contenidos o servicios que estos puedan hacer.<\/li>\n<li>Env\u00edo de novedades sobre El Pony Pisador a aquellos usuarios que expresamente lo soliciten.<\/li>\n<\/ul>\n<p>En el caso de que El Pony Pisador quiera tratar los datos personales para otras finalidades no indicadas en esta Pol\u00edtica de Privacidad, proporcionar\u00e1 a los usuarios la informaci\u00f3n necesaria para ello y, en su caso, antes de proceder al tratamiento de los datos, llevar\u00e1 a cabo todas las acciones necesarias para hacerlo en cumplimiento de la normativa de protecci\u00f3n de datos aplicable en cada momento.<\/p>\n<h1>4.\u00a0\u00a0\u00a0\u00a0\u00a0 Con qu\u00e9 base jur\u00eddica y durante cu\u00e1nto tiempo trataremos los datos<\/h1>\n<p>Las bases legales que permiten al Pony Pisador tratar los datos personales de los usuarios son las siguientes:<\/p>\n<ul>\n<li>Acceso y navegaci\u00f3n voluntarios de los usuarios por la Web y env\u00edo voluntario de comunicaciones por parte de los usuarios y\/o solicitud de informaci\u00f3n, contenidos o servicios por parte de estos.<\/li>\n<li>Cumplimiento de las obligaciones legales de El Pony Pisador.<\/li>\n<li>Inter\u00e9s leg\u00edtimo del Pony Pisador en mejorar la Web y su seguridad, as\u00ed como estudiar y analizar su funcionamiento y uso por parte de los usuarios.<\/li>\n<li>Si los usuarios as\u00ed lo consienten o es de aplicaci\u00f3n el inter\u00e9s leg\u00edtimo de El Pony Pisador, el env\u00edo de novedades sobre El Pony Pisador.<\/li>\n<li>El consentimiento de los usuarios.<\/li>\n<\/ul>\n<p>El Pony Pisador conservar\u00e1 los datos personales mientras existan obligaciones derivadas de la informaci\u00f3n, contenidos o servicios solicitados por los usuarios, mientras perduren las finalidades de El Pony Pisador descritas en el apartado 3 y, posteriormente, durante 2 a\u00f1os o, excepcionalmente, durante el periodo durante el cual pudieran existir responsabilidades legales o contractuales que requieran conservarlos, si este fuera superior.<\/p>\n<p>En el caso de env\u00edo de novedades sobre El Pony Pisador solicitadas por los usuarios, los datos se podr\u00e1n mantener mientras los usuarios no se opongan a recibir este tipo de informaci\u00f3n por cualquiera de los medios puestos a su disposici\u00f3n de manera gratuita.<\/p>\n<h1>5.\u00a0\u00a0\u00a0\u00a0\u00a0 Comunicaci\u00f3n<\/h1>\n<p>El Pony Pisador no comunicar\u00e1 los datos personales a terceros salvo, en su caso, a autoridades competentes en el ejercicio de sus funciones. En cualquier caso, los datos personales no ser\u00e1n comunicados ni transferidos fuera del Espacio Econ\u00f3mico Europeo.<\/p>\n<p>En el caso de que El Pony Pisador recurra a otras sociedades o personas para que realicen determinadas acciones por su cuenta, tales terceros proveedores de servicios podr\u00e1n tener acceso a los datos personales necesarios para el ejercicio de sus funciones que El Pony Pisador les facilite. No obstante, los mencionados terceros deber\u00e1n tratar los datos de acuerdo con esta Pol\u00edtica de Privacidad y la normativa de protecci\u00f3n de datos aplicable en cada momento, y no podr\u00e1n utilizar los datos personales para otras finalidades.<\/p>\n<h1>6.\u00a0\u00a0\u00a0\u00a0\u00a0 Qu\u00e9 derechos tienes como usuario<\/h1>\n<p>Como usuario, puedes ejercitar tus derechos de acceso, rectificaci\u00f3n, supresi\u00f3n, oposici\u00f3n, limitaci\u00f3n del tratamiento y portabilidad, cuando corresponda, respecto del tratamiento de datos personales del que es responsable El Pony Pisador, presentando un escrito dirigido a la direcci\u00f3n de correo electr\u00f3nico info@elponypisador.com, acreditando tu identidad. Puedes contactar adem\u00e1s con la Agencia Espa\u00f1ola de Protecci\u00f3n de Datos y presentar una reclamaci\u00f3n ante esta si, como usuario, lo consideras pertinente.<\/p>\n","protected":false},"excerpt":{"rendered":"<p>1.\u00a0\u00a0\u00a0\u00a0\u00a0 Qu\u00e9 datos recogemos Datos recogidos de forma autom\u00e1tica: por el mero hecho de acceder y navegar por el sitio web elponypisador.com (la \u201cWeb\u201d), no se registra de forma autom\u00e1tica ning\u00fan dato personal de los usuarios. No obstante, s\u00ed recogemos determinada informaci\u00f3n (p.ej., tipo de navegador de Internet, sistema operativo, direcci\u00f3n IP desde la que [&hellip;]<\/p>\n","protected":false},"author":1,"featured_media":0,"parent":0,"menu_order":0,"comment_status":"closed","ping_status":"closed","template":"","meta":{"footnotes":""},"class_list":["post-1462","page","type-page","status-publish","hentry"],"_links":{"self":[{"href":"https:\/\/elponypisador.com\/es\/wp-json\/wp\/v2\/pages\/1462","targetHints":{"allow":["GET"]}}],"collection":[{"href":"https:\/\/elponypisador.com\/es\/wp-json\/wp\/v2\/pages"}],"about":[{"href":"https:\/\/elponypisador.com\/es\/wp-json\/wp\/v2\/types\/page"}],"author":[{"embeddable":true,"href":"https:\/\/elponypisador.com\/es\/wp-json\/wp\/v2\/users\/1"}],"replies":[{"embeddable":true,"href":"https:\/\/elponypisador.com\/es\/wp-json\/wp\/v2\/comments?post=1462"}],"version-history":[{"count":3,"href":"https:\/\/elponypisador.com\/es\/wp-json\/wp\/v2\/pages\/1462\/revisions"}],"predecessor-version":[{"id":5303,"href":"https:\/\/elponypisador.com\/es\/wp-json\/wp\/v2\/pages\/1462\/revisions\/5303"}],"wp:attachment":[{"href":"https:\/\/elponypisador.com\/es\/wp-json\/wp\/v2\/media?parent=1462"}],"curies":[{"name":"wp","href":"https:\/\/api.w.org\/{rel}","templated":true}]}}