{"id":1459,"date":"2020-02-11T15:20:40","date_gmt":"2020-02-11T15:20:40","guid":{"rendered":"https:\/\/elponypisador.com\/avis-legal\/"},"modified":"2025-12-10T12:19:21","modified_gmt":"2025-12-10T12:19:21","slug":"avis-legal","status":"publish","type":"page","link":"https:\/\/elponypisador.com\/es\/avis-legal\/","title":{"rendered":"Aviso Legal"},"content":{"rendered":"<p><strong>CONDICIONES GENERALES DE USO DE LA WEB<\/strong><\/p>\n<p><strong>1. Objeto<\/strong><br \/>\nEstas Condiciones Generales regulan el uso del sitio web www.elponypisador.com (\u201cWeb\u201d),<br \/>\nincluyendo su mero acceso.<br \/>\nCualquier usuario que acceda a la Web acepta someterse a las Condiciones Generales que se<br \/>\nencuentren vigentes en cada momento, comprometi\u00e9ndose as\u00ed a hacer un uso adecuado de los<br \/>\ncontenidos de la Web y a observar y cumplir rigurosamente cuanto se disponga en ellas y en<br \/>\ncualesquiera otras normas que sean de aplicaci\u00f3n.<br \/>\nSe recomienda a los usuarios realizar una lectura detallada de estas Condiciones Generales, la<br \/>\n<a href=\"https:\/\/elponypisador.com\/es\/politica-de-privacidad\/\">Pol\u00edtica de Privacidad<\/a> y la <a href=\"https:\/\/elponypisador.com\/es\/politica-de-cookies\/\">Pol\u00edtica de Cookie<\/a>s cada vez que visiten la Web y\/o deseen utilizar<br \/>\ncualesquiera de los servicios que El Pony Pisador presta a trav\u00e9s de esta.<br \/>\nEl Pony Pisador se reserva el derecho a efectuar las modificaciones que estime convenientes<br \/>\nen el contenido, presentaci\u00f3n y configuraci\u00f3n de cualquier aspecto de la Web, de estas<br \/>\nCondiciones Generales, la <a href=\"https:\/\/elponypisador.com\/es\/politica-de-privacidad\/\">Pol\u00edtica de Privacidad<\/a> y la <a href=\"https:\/\/elponypisador.com\/es\/politica-de-cookies\/\">Pol\u00edtica de Cookies<\/a>.<\/p>\n<p><strong>2. Titularidad de la Web y contacto<\/strong><br \/>\nEl sitio Web y su contenido son propiedad de COOPERATIVA MUSICAL EL PONY PISADOR SCCL con domicilio, a efectos de<br \/>\nnotificaciones, en Carretera de Sarri\u00e0 a Vallvidrera 259, 1o 1a 08017 Barcelona.<br \/>\nPuede contactar con El Pony Pisador enviando un correo electr\u00f3nico a info@elponypisador.com.<\/p>\n<p><strong>3. Condiciones de uso de la Web<\/strong><br \/>\nEl acceso al sitio Web por parte de los usuarios es libre y gratuito, y se realizar\u00e1 bajo la<br \/>\nexclusiva responsabilidad de los usuarios. El Pony Pisador no asume ninguna responsabilidad<br \/>\npor posibles errores de seguridad de la informaci\u00f3n que se pudieran producir por el hecho de<br \/>\nutilizar ordenadores infectados por virus inform\u00e1ticos; fallo en el funcionamiento de la web; o<br \/>\nconsecuencias derivadas del mal funcionamiento del navegador o del uso de versiones no<br \/>\nactualizadas de este.<br \/>\nAl utilizar el sitio Web, los usuarios no realizar\u00e1n ninguna actuaci\u00f3n que pueda da\u00f1ar la<br \/>\nimagen, los intereses, la reputaci\u00f3n o los derechos de El Pony Pisador o de terceros, o que<br \/>\npueda producir da\u00f1os, incidencias o cualesquiera fallos o impedimentos en el funcionamiento<br \/>\nde la Web.<br \/>\nEl Pony Pisador, a trav\u00e9s de la Web, pone a disposici\u00f3n de los usuarios informaci\u00f3n tanto<br \/>\npropia como procedente de terceros. Aunque El Pony Pisador vela para que dicha informaci\u00f3n<br \/>\nsea veraz y de la mayor calidad posible, no puede garantizar su correcci\u00f3n y exactitud.<\/p>\n<p><strong>4. Propiedad intelectual e industrial<\/strong><br \/>\nLos textos, im\u00e1genes, logotipos, signos distintivos, canciones, sonidos, animaciones, v\u00eddeos,<br \/>\nc\u00f3digo fuente y cualesquiera otros contenidos incluidos en la Web (los \u201cContenidos\u201d) son<br \/>\npropiedad de El Pony Pisador, que dispone, en su caso, de los correspondientes derechos de<br \/>\nuso y\/o explotaci\u00f3n de estos. Los Contenidos son obras protegidas por la normativa aplicable<br \/>\nen materia de propiedad intelectual e industrial aplicable en cada momento.<br \/>\nEl acceso a la Web y la aceptaci\u00f3n de estas Condiciones Generales no implica la cesi\u00f3n, por<br \/>\nparte de El Pony Pisador, de ning\u00fan derecho de propiedad intelectual o industrial sobre los<br \/>\nContenidos. La reproducci\u00f3n, transformaci\u00f3n, distribuci\u00f3n, comunicaci\u00f3n p\u00fablica, puesta a<br \/>\ndisposici\u00f3n, extracci\u00f3n, reutilizaci\u00f3n, reenv\u00edo o la explotaci\u00f3n o utilizaci\u00f3n de cualquier<br \/>\nnaturaleza, por cualquier medio o procedimiento, de cualquiera de los Contenidos, queda<br \/>\ntotalmente prohibida, salvo en aquellos casos en los que ello est\u00e9 legalmente permitido o El<br \/>\nPony Pisador, o el titular de los derechos correspondientes, haya prestado su previo<br \/>\nconsentimiento de manera expresa y por escrito.<br \/>\nLos usuarios pueden descargar Contenidos de la Web, y copiarlos de manera temporal en sus<br \/>\nsistemas inform\u00e1ticos \u00fanicamente para su uso privado, es decir, \u00fanicamente cuando tales<br \/>\ncopias no se realicen con la finalidad de llevar a cabo actividades de car\u00e1cter comercial o<br \/>\nprofesional.<br \/>\nLos usuarios deber\u00e1n respetar, en todo momento, cualesquiera derechos de propiedad<br \/>\nintelectual e industrial sobre la Web y los Contenidos, ya sean propiedad de El Pony Pisador o<br \/>\nde terceros.<\/p>\n<p><strong>5. Pol\u00edtica de enlaces<\/strong><br \/>\nEl sitio Web puede contener enlaces a otros sitios web. El Pony Pisador declina cualquier<br \/>\nresponsabilidad por los servicios y\/o informaci\u00f3n que pueda prestarse en cualesquiera p\u00e1ginas<br \/>\nweb que se enlacen. El Pony Pisador no se hace responsable del contenido o pr\u00e1cticas de los<br \/>\nsitios enlazados, a la vez que tampoco aprueba ni supervisa su contenido. Se recomienda al<br \/>\nusuario, que visitar\u00e1 los webs enlazados bajo su plena responsabilidad, la lectura detallada de<br \/>\nlos t\u00e9rminos y condiciones y cualesquiera otras pol\u00edticas (e.g. pol\u00edticas de privacidad y<br \/>\ncookies) de cualquier sitio web al que acceda desde la Web.<br \/>\nEl hecho de que determinados sitios web de terceros puedan incluir enlaces a la Web de El<br \/>\nPony Pisador no implicar\u00e1, en ning\u00fan caso: (i) la existencia de una relaci\u00f3n entre tales sitios<br \/>\nweb de terceros y\/o sus propietarios y El Pony Pisador; ni (ii) la aceptaci\u00f3n o aprobaci\u00f3n, por<br \/>\nparte de El Pony Pisador, de los contenidos o servicios que puedan prestarse u ofrecerse en<br \/>\nlos sitios web de terceros. En cualquier caso, El Pony Pisador se reserva el derecho de prohibir o inutilizar, en cualquier momento, cualesquiera enlaces que redirijan al sitio Web,<br \/>\nespecialmente cuando los enlaces est\u00e9n vinculados a actividades o contenidos il\u00edcitos de los<br \/>\nsitios web donde se encuentren.<\/p>\n<p><strong>6. Ley aplicable y jurisdicci\u00f3n<\/strong><br \/>\nEstas Condiciones Generales se regir\u00e1n por la ley com\u00fan espa\u00f1ola. En el caso de conflicto o<br \/>\ndisputa sobre la interpretaci\u00f3n o aplicaci\u00f3n de estas Condiciones Generales, ser\u00e1n<br \/>\ncompetentes para conocer el asunto los jueces y tribunales de Barcelona, salvo que se<br \/>\nestablezca otra cosa en la normativa aplicable en cada momento.<\/p>\n<p>Copyright 2019 El Pony Pisador. Prohibida su reproducci\u00f3n total o parcial. Reservados todos<br \/>\nlos derechos.<\/p>\n","protected":false},"excerpt":{"rendered":"<p>CONDICIONES GENERALES DE USO DE LA WEB 1. Objeto Estas Condiciones Generales regulan el uso del sitio web www.elponypisador.com (\u201cWeb\u201d), incluyendo su mero acceso. Cualquier usuario que acceda a la Web acepta someterse a las Condiciones Generales que se encuentren vigentes en cada momento, comprometi\u00e9ndose as\u00ed a hacer un uso adecuado de los contenidos de [&hellip;]<\/p>\n","protected":false},"author":1,"featured_media":0,"parent":0,"menu_order":0,"comment_status":"closed","ping_status":"closed","template":"","meta":{"footnotes":""},"class_list":["post-1459","page","type-page","status-publish","hentry"],"_links":{"self":[{"href":"https:\/\/elponypisador.com\/es\/wp-json\/wp\/v2\/pages\/1459","targetHints":{"allow":["GET"]}}],"collection":[{"href":"https:\/\/elponypisador.com\/es\/wp-json\/wp\/v2\/pages"}],"about":[{"href":"https:\/\/elponypisador.com\/es\/wp-json\/wp\/v2\/types\/page"}],"author":[{"embeddable":true,"href":"https:\/\/elponypisador.com\/es\/wp-json\/wp\/v2\/users\/1"}],"replies":[{"embeddable":true,"href":"https:\/\/elponypisador.com\/es\/wp-json\/wp\/v2\/comments?post=1459"}],"version-history":[{"count":4,"href":"https:\/\/elponypisador.com\/es\/wp-json\/wp\/v2\/pages\/1459\/revisions"}],"predecessor-version":[{"id":5297,"href":"https:\/\/elponypisador.com\/es\/wp-json\/wp\/v2\/pages\/1459\/revisions\/5297"}],"wp:attachment":[{"href":"https:\/\/elponypisador.com\/es\/wp-json\/wp\/v2\/media?parent=1459"}],"curies":[{"name":"wp","href":"https:\/\/api.w.org\/{rel}","templated":true}]}}